{"id":1212,"date":"2025-01-24T11:32:12","date_gmt":"2025-01-24T11:32:12","guid":{"rendered":"https:\/\/lena.theloyaltyco.app\/?page_id=1212"},"modified":"2026-02-27T10:50:12","modified_gmt":"2026-02-27T10:50:12","slug":"menus","status":"publish","type":"page","link":"https:\/\/bibo.theloyaltyco.app\/es\/madrid\/menus\/","title":{"rendered":"Men\u00fas Tragabuches Madrid | Grupo Dani Garc\u00eda"},"content":{"rendered":"<section class=\"wpb-content-wrapper\"><p>[vc_section full_width=\u00bbstretch_row\u00bb el_class=\u00bbhero-wrapper inner-page-hero\u00bb css=\u00bb.vc_custom_1772110992192{background-image: url(https:\/\/bibo.theloyaltyco.app\/wp-content\/uploads\/2026\/02\/Frame-224-scaled.jpg?id=4761) !important;}\u00bb][vc_row el_class=\u00bbcontent-box container\u00bb][vc_column][vc_custom_heading text=\u00bb{lang en_GB}<span>OUR<\/span> MENUS {\/lang}{lang es_ES}<span>Nuestros<\/span> MEN\u00daS {\/lang}\u00bb font_container=\u00bbtag:div|text_align:center\u00bb use_theme_fonts=\u00bbyes\u00bb el_class=\u00bbmain-heading-banner\u00bb][\/vc_column][\/vc_row][\/vc_section][vc_section full_width=\u00bbstretch_row\u00bb el_class=\u00bbmenu-wrapper-box-list menu-single-animtion bg-2&#8243;][vc_row el_class=\u00bbcontainer\u00bb][vc_column][vc_column_text]    <div class=\"row justify-content-center\">\n                    <div class=\"col-md-4\">\n                <article>\n                    <img loading=\"lazy\" decoding=\"async\" width=\"411\" height=\"350\" src=\"https:\/\/bibo.theloyaltyco.app\/wp-content\/uploads\/2025\/10\/TBMARB_MENUS_del-dia.png\" class=\"attachment-full size-full wp-post-image\" alt=\"\" srcset=\"https:\/\/bibo.theloyaltyco.app\/wp-content\/uploads\/2025\/10\/TBMARB_MENUS_del-dia.png 411w, https:\/\/bibo.theloyaltyco.app\/wp-content\/uploads\/2025\/10\/TBMARB_MENUS_del-dia-300x255.png 300w\" sizes=\"auto, (max-width: 411px) 100vw, 411px\" style=\"width:100%;height:85.16%;max-width:411px;\" title=\"\">                    <div class=\"space_content\">\n                        <h4>Andaluc\u00eda en la mesa<\/h4>\n                        <p> Descubre una propuesta que une producto excepcional con sabores que emocionan.                        <\/p>\n                                                    <div class=\"comman-btn\">\n                                <a href=\"https:\/\/grupodanigarcia.com\/wp-content\/uploads\/CARTAS\/TRAGABUCHES\/MADRID\/EXPERIENCES\/ES\/TRAGABUCHES_EN_LA_MESA.pdf\" target=\"_blank\" rel=\"noopener\">Ver Men\u00fa<\/a>\n                            <\/div>\n                        \n                    <\/div>\n                <\/article>\n\n\n            <\/div>\n                        <div class=\"col-md-4\">\n                <article>\n                    <img loading=\"lazy\" decoding=\"async\" width=\"411\" height=\"350\" src=\"https:\/\/bibo.theloyaltyco.app\/wp-content\/uploads\/2025\/01\/TBMARB_MENUS_general.png\" class=\"attachment-full size-full wp-post-image\" alt=\"\" srcset=\"https:\/\/bibo.theloyaltyco.app\/wp-content\/uploads\/2025\/01\/TBMARB_MENUS_general.png 411w, https:\/\/bibo.theloyaltyco.app\/wp-content\/uploads\/2025\/01\/TBMARB_MENUS_general-300x255.png 300w\" sizes=\"auto, (max-width: 411px) 100vw, 411px\" style=\"width:100%;height:85.16%;max-width:411px;\" title=\"\">                    <div class=\"space_content\">\n                        <h4>A la carta<\/h4>\n                        <p> Descubre una propuesta que une producto excepcional con sabores que emocionan.                        <\/p>\n                                                    <div class=\"comman-btn\">\n                                <a href=\"https:\/\/grupodanigarcia.com\/wp-content\/uploads\/CARTAS\/TRAGABUCHES\/MADRID\/ES\/TRAGABUCHESMADRID_MENU.pdf\" target=\"_blank\" rel=\"noopener\">Ver Men\u00fa<\/a>\n                            <\/div>\n                        \n                    <\/div>\n                <\/article>\n\n\n            <\/div>\n                        <div class=\"col-md-4\">\n                <article>\n                    <img loading=\"lazy\" decoding=\"async\" width=\"411\" height=\"350\" src=\"https:\/\/bibo.theloyaltyco.app\/wp-content\/uploads\/2025\/10\/TBMARB_MENUS_barra.png\" class=\"attachment-full size-full wp-post-image\" alt=\"\" srcset=\"https:\/\/bibo.theloyaltyco.app\/wp-content\/uploads\/2025\/10\/TBMARB_MENUS_barra.png 411w, https:\/\/bibo.theloyaltyco.app\/wp-content\/uploads\/2025\/10\/TBMARB_MENUS_barra-300x255.png 300w\" sizes=\"auto, (max-width: 411px) 100vw, 411px\" style=\"width:100%;height:85.16%;max-width:411px;\" title=\"\">                    <div class=\"space_content\">\n                        <h4>Barra<\/h4>\n                        <p> Tragabuches, como representaci\u00f3n de la Andaluc\u00eda m\u00e1s pura, no pod\u00eda olvidar los grandes desayunos del sur. Un desayuno castizo que te devuelva a tus ra\u00edces.                        <\/p>\n                                                    <div class=\"comman-btn\">\n                                <a href=\"https:\/\/grupodanigarcia.com\/wp-content\/uploads\/CARTAS\/TRAGABUCHES\/MADRID\/ES\/TRAGABUCHESMADRID_BARRA.pdf?1760697631\" target=\"_blank\" rel=\"noopener\">Ver Men\u00fa<\/a>\n                            <\/div>\n                        \n                    <\/div>\n                <\/article>\n\n\n            <\/div>\n                        <div class=\"col-md-4\">\n                <article>\n                    <img loading=\"lazy\" decoding=\"async\" width=\"411\" height=\"350\" src=\"https:\/\/bibo.theloyaltyco.app\/wp-content\/uploads\/2025\/10\/TBMARB_MENUS_snacks.png\" class=\"attachment-full size-full wp-post-image\" alt=\"\" srcset=\"https:\/\/bibo.theloyaltyco.app\/wp-content\/uploads\/2025\/10\/TBMARB_MENUS_snacks.png 411w, https:\/\/bibo.theloyaltyco.app\/wp-content\/uploads\/2025\/10\/TBMARB_MENUS_snacks-300x255.png 300w\" sizes=\"auto, (max-width: 411px) 100vw, 411px\" style=\"width:100%;height:85.16%;max-width:411px;\" title=\"\">                    <div class=\"space_content\">\n                        <h4>Snacks<\/h4>\n                        <p> Tragabuches, como representaci\u00f3n de la Andaluc\u00eda m\u00e1s pura, no pod\u00eda olvidar los grandes desayunos del sur. Un desayuno castizo que te devuelva a tus ra\u00edces.                        <\/p>\n                                                    <div class=\"comman-btn\">\n                                <a href=\"https:\/\/grupodanigarcia.com\/wp-content\/uploads\/CARTAS\/TRAGABUCHES\/MADRID\/ES\/TRAGABUCHESMADRID_SNACKS.pdf\" target=\"_blank\" rel=\"noopener\">Ver Men\u00fa<\/a>\n                            <\/div>\n                        \n                    <\/div>\n                <\/article>\n\n\n            <\/div>\n                        <div class=\"col-md-4\">\n                <article>\n                    <img loading=\"lazy\" decoding=\"async\" width=\"411\" height=\"350\" src=\"https:\/\/bibo.theloyaltyco.app\/wp-content\/uploads\/2025\/10\/TBMARB_MENUS_desayunos.png\" class=\"attachment-full size-full wp-post-image\" alt=\"\" srcset=\"https:\/\/bibo.theloyaltyco.app\/wp-content\/uploads\/2025\/10\/TBMARB_MENUS_desayunos.png 411w, https:\/\/bibo.theloyaltyco.app\/wp-content\/uploads\/2025\/10\/TBMARB_MENUS_desayunos-300x255.png 300w\" sizes=\"auto, (max-width: 411px) 100vw, 411px\" style=\"width:100%;height:85.16%;max-width:411px;\" title=\"\">                    <div class=\"space_content\">\n                        <h4>Desayunos<\/h4>\n                        <p> Tragabuches, como representaci\u00f3n de la Andaluc\u00eda m\u00e1s pura, no pod\u00eda olvidar los grandes desayunos del sur. Un desayuno castizo que te devuelva a tus ra\u00edces.                        <\/p>\n                                                    <div class=\"comman-btn\">\n                                <a href=\"https:\/\/grupodanigarcia.com\/wp-content\/uploads\/CARTAS\/TRAGABUCHES\/MADRID\/ES\/TRAGABUCHESMADRID_DESAYUNOS.pdf\" target=\"_blank\" rel=\"noopener\">Ver Men\u00fa<\/a>\n                            <\/div>\n                        \n                    <\/div>\n                <\/article>\n\n\n            <\/div>\n                        <div class=\"col-md-4\">\n                <article>\n                    <img loading=\"lazy\" decoding=\"async\" width=\"411\" height=\"350\" src=\"https:\/\/bibo.theloyaltyco.app\/wp-content\/uploads\/2025\/01\/TBMARB_MENUS_vinos.png\" class=\"attachment-full size-full wp-post-image\" alt=\"\" srcset=\"https:\/\/bibo.theloyaltyco.app\/wp-content\/uploads\/2025\/01\/TBMARB_MENUS_vinos.png 411w, https:\/\/bibo.theloyaltyco.app\/wp-content\/uploads\/2025\/01\/TBMARB_MENUS_vinos-300x255.png 300w\" sizes=\"auto, (max-width: 411px) 100vw, 411px\" style=\"width:100%;height:85.16%;max-width:411px;\" title=\"\">                    <div class=\"space_content\">\n                        <h4>Bodega<\/h4>\n                        <p> Nuestra bodega es un recorrido hist\u00f3rico por conocidos vinos espa\u00f1oles como Marqu\u00e9s de Murrietas del Castillo Ygay1925 o CVNE Imperial gran reserva 1928, ofreciendo tambi\u00e9n algunos m\u00e1s recientes como Ali\u00f3n 1991.                        <\/p>\n                                                    <div class=\"comman-btn\">\n                                <a href=\"https:\/\/grupodanigarcia.com\/wp-content\/uploads\/CARTAS\/TRAGABUCHES\/MADRID\/TRAGABUCHESMADRID_VINOS.pdf\" target=\"_blank\" rel=\"noopener\">Ver Men\u00fa<\/a>\n                            <\/div>\n                        \n                    <\/div>\n                <\/article>\n\n\n            <\/div>\n                        <div class=\"col-md-4\">\n                <article>\n                    <img loading=\"lazy\" decoding=\"async\" width=\"411\" height=\"350\" src=\"https:\/\/bibo.theloyaltyco.app\/wp-content\/uploads\/2025\/01\/TBMARB_MENUS_cocktails.png\" class=\"attachment-full size-full wp-post-image\" alt=\"\" srcset=\"https:\/\/bibo.theloyaltyco.app\/wp-content\/uploads\/2025\/01\/TBMARB_MENUS_cocktails.png 411w, https:\/\/bibo.theloyaltyco.app\/wp-content\/uploads\/2025\/01\/TBMARB_MENUS_cocktails-300x255.png 300w\" sizes=\"auto, (max-width: 411px) 100vw, 411px\" style=\"width:100%;height:85.16%;max-width:411px;\" title=\"\">                    <div class=\"space_content\">\n                        <h4>C\u00d3CTELES Y LICORES <\/h4>\n                        <p> Los c\u00f3cteles son otra opci\u00f3n para degustar las combinaciones m\u00e1s creativas y conocer mejor la esencia de Tragabuches.                        <\/p>\n                                                    <div class=\"comman-btn\">\n                                <a href=\"https:\/\/grupodanigarcia.com\/wp-content\/uploads\/CARTAS\/TRAGABUCHES\/MADRID\/TRAGABUCHESMADRID_COCKTAIL.pdf\" target=\"_blank\" rel=\"noopener\">Ver Men\u00fa<\/a>\n                            <\/div>\n                        \n                    <\/div>\n                <\/article>\n\n\n            <\/div>\n                        <div class=\"col-md-4\">\n                <article>\n                    <img loading=\"lazy\" decoding=\"async\" width=\"411\" height=\"350\" src=\"https:\/\/bibo.theloyaltyco.app\/wp-content\/uploads\/2025\/01\/TBMARB_MENUS_postres.png\" class=\"attachment-full size-full wp-post-image\" alt=\"\" srcset=\"https:\/\/bibo.theloyaltyco.app\/wp-content\/uploads\/2025\/01\/TBMARB_MENUS_postres.png 411w, https:\/\/bibo.theloyaltyco.app\/wp-content\/uploads\/2025\/01\/TBMARB_MENUS_postres-300x255.png 300w\" sizes=\"auto, (max-width: 411px) 100vw, 411px\" style=\"width:100%;height:85.16%;max-width:411px;\" title=\"\">                    <div class=\"space_content\">\n                        <h4>Postres<\/h4>\n                        <p> El final m\u00e1s dulce para un viaje lleno de sabor andaluz.\r\nEn Tragabuches, nuestros postres son mucho m\u00e1s que el \u00faltimo bocado: son una celebraci\u00f3n del producto, de la t\u00e9cnica y de la memoria.                        <\/p>\n                                                    <div class=\"comman-btn\">\n                                <a href=\"https:\/\/grupodanigarcia.com\/wp-content\/uploads\/CARTAS\/TRAGABUCHES\/MADRID\/ES\/TRAGABUCHESMADRID_POSTRES.pdf\" target=\"_blank\" rel=\"noopener\">Ver Men\u00fa<\/a>\n                            <\/div>\n                        \n                    <\/div>\n                <\/article>\n\n\n            <\/div>\n                        <div class=\"col-md-4\">\n                <article>\n                    <img loading=\"lazy\" decoding=\"async\" width=\"411\" height=\"350\" src=\"https:\/\/bibo.theloyaltyco.app\/wp-content\/uploads\/2025\/01\/TBMARB_MENUS_alergenos.png\" class=\"attachment-full size-full wp-post-image\" alt=\"\" srcset=\"https:\/\/bibo.theloyaltyco.app\/wp-content\/uploads\/2025\/01\/TBMARB_MENUS_alergenos.png 411w, https:\/\/bibo.theloyaltyco.app\/wp-content\/uploads\/2025\/01\/TBMARB_MENUS_alergenos-300x255.png 300w\" sizes=\"auto, (max-width: 411px) 100vw, 411px\" style=\"width:100%;height:85.16%;max-width:411px;\" title=\"\">                    <div class=\"space_content\">\n                        <h4>Al\u00e9rgenos<\/h4>\n                        <p> Consulta aqu\u00ed todo lo que necesitas saber para disfrutar una experiencia \u00fanica sin\u00a0preocupaciones                        <\/p>\n                                                    <div class=\"comman-btn\">\n                                <a href=\"https:\/\/grupodanigarcia.com\/wp-content\/uploads\/CARTAS\/TRAGABUCHES\/MADRID\/ES\/TRAGABUCHESMADRID_ALERGENOS.pdf\" target=\"_blank\" rel=\"noopener\">Ver Men\u00fa<\/a>\n                            <\/div>\n                        \n                    <\/div>\n                <\/article>\n\n\n            <\/div>\n                <\/div>\n    [\/vc_column_text][\/vc_column][\/vc_row][\/vc_section][vc_section full_width=\u00bbstretch_row\u00bb el_class=\u00bbmenu-wrapper-box mnu menu-page-animtion bg-1&#8243; css=\u00bb.vc_custom_1772108119102{background-position: center !important;background-repeat: no-repeat !important;background-size: cover !important;}\u00bb][vc_row content_placement=\u00bbtop\u00bb el_class=\u00bbcontainer\u00bb][vc_column width=\u00bb1\/2&#8243; el_class=\u00bbtheiaStickySidebar left-private-details column-content leftSidebar\u00bb el_id=\u00bbsidebar-nav\u00bb][vc_custom_heading text=\u00bb{lang en_GB}<span>OUR<\/span> MENUS {\/lang}{lang es_ES}<span>Nuestros<\/span> MEN\u00daS {\/lang}\u00bb font_container=\u00bbtag:h2|text_align:left|color:%23ffffff\u00bb use_theme_fonts=\u00bbyes\u00bb el_class=\u00bbcomman-heading-style\u00bb][vc_column_text content_es_es=\u00bbJTNDc3Ryb25nJTNFRW4lMjBUcmFnYWJ1Y2hlcyUyMHNlJTIwc2lydmVuJTIwbG9zJTIwcGxhdG9zJTIwcXVlJTIwaGVtb3MlMjBjb21pZG8lMjB0b2RhJTIwbGElMjB2aWRhJTNDJTJGc3Ryb25nJTNFLiUyMENhZGElMjBwcm9kdWN0byUyMHRpZW5lJTIwbm9tYnJlJTIweSUyMGFwZWxsaWRvJTJDJTIweWElMjBxdWUlMjB2aWVuZSUyMGRlJTIwdW4lMjBjdWx0aXZvJTIwZXNwZWNpZmljbyUyMHklMjBkZSUyMHVuYSUyMHBlcnNvbmElMjBlc3BlY2lhbC4lMEElMEElM0NzdHJvbmclM0VDb24lMjB1biUyMHJlY29ycmlkbyUyMGhpc3QlQzMlQjNyaWNvJTIwcG9yJTIwY29ub2NpZG9zJTIwdmlub3MlMjBlc3BhJUMzJUIxb2xlcyUzQyUyRnN0cm9uZyUzRSUyQyUyMGNvbW8lMjBNYXJxdSVDMyVBOXMlMjBkZSUyME11cnJpZXRhcyUyMGRlbCUyMENhc3RpbGxvJTIwWWdheTE5MjUlMjBvJTIwQ1ZORSUyMEltcGVyaWFsJTIwZ3JhbiUyMHJlc2VydmElMjAxOTI4JTJDJTIwb2ZyZWNpZW5kbyUyMHRhbWJpJUMzJUE5biUyMGFsZ3Vub3MlMjBtJUMzJUExcyUyMHJlY2llbnRlcyUyMGNvbW8lMjBBbGklQzMlQjNuJTIwMTk5MS4=\u00bb el_class=\u00bbcomman-content montserrat-font\u00bb]<\/p>\n<p data-start=\"100\" data-end=\"248\">At Tragabuches, <strong>we serve the dishes we have grown up eating<\/strong>. Every product has a name and story, coming from a specific farm and a special person.<\/p>\n<p data-start=\"250\" data-end=\"484\"><strong>Our wine selection takes you on a historical journey<\/strong>, featuring renowned Spanish classics such as Marqu\u00e9s de Murrieta Castillo Ygay 1925 or CVNE Imperial Gran Reserva 1928, alongside more recent vintages like Ali\u00f3n 1991.<\/p>\n<p>[\/vc_column_text][vc_column_text el_class=\u00bbcomman-content\u00bb][\/vc_column_text][\/vc_column][vc_column width=\u00bb1\/2&#8243; el_class=\u00bbright-slider-wrapper column-img content pt-mobile-comman\u00bb][vc_single_image image=\u00bb4407&#8243; img_size=\u00bbfull\u00bb][\/vc_column][\/vc_row][\/vc_section][vc_section el_class=\u00bbinstagram-wrapper-box\u00bb][vc_row][vc_column][vc_single_image image=\u00bb97&#8243; img_size=\u00bbfull\u00bb alignment=\u00bbcenter\u00bb][\/vc_column][\/vc_row][\/vc_section]<\/p>\n<\/section>","protected":false},"excerpt":{"rendered":"<p>Una gu\u00eda sencilla para disfrutar con total tranquilidad y sin complicaciones.<\/p>\n","protected":false},"author":1,"featured_media":0,"parent":1194,"menu_order":1,"comment_status":"closed","ping_status":"closed","template":"","meta":{"footnotes":""},"class_list":["post-1212","page","type-page","status-publish","hentry","entry"],"_links":{"self":[{"href":"https:\/\/bibo.theloyaltyco.app\/es\/wp-json\/wp\/v2\/pages\/1212","targetHints":{"allow":["GET"]}}],"collection":[{"href":"https:\/\/bibo.theloyaltyco.app\/es\/wp-json\/wp\/v2\/pages"}],"about":[{"href":"https:\/\/bibo.theloyaltyco.app\/es\/wp-json\/wp\/v2\/types\/page"}],"author":[{"embeddable":true,"href":"https:\/\/bibo.theloyaltyco.app\/es\/wp-json\/wp\/v2\/users\/1"}],"replies":[{"embeddable":true,"href":"https:\/\/bibo.theloyaltyco.app\/es\/wp-json\/wp\/v2\/comments?post=1212"}],"version-history":[{"count":43,"href":"https:\/\/bibo.theloyaltyco.app\/es\/wp-json\/wp\/v2\/pages\/1212\/revisions"}],"predecessor-version":[{"id":4787,"href":"https:\/\/bibo.theloyaltyco.app\/es\/wp-json\/wp\/v2\/pages\/1212\/revisions\/4787"}],"up":[{"embeddable":true,"href":"https:\/\/bibo.theloyaltyco.app\/es\/wp-json\/wp\/v2\/pages\/1194"}],"wp:attachment":[{"href":"https:\/\/bibo.theloyaltyco.app\/es\/wp-json\/wp\/v2\/media?parent=1212"}],"curies":[{"name":"wp","href":"https:\/\/api.w.org\/{rel}","templated":true}]}}